{"id":804,"date":"2020-04-07T15:50:22","date_gmt":"2020-04-07T12:50:22","guid":{"rendered":"https:\/\/www.ecoweedkiller.com\/shop\/heating-element\/"},"modified":"2020-05-19T18:10:07","modified_gmt":"2020-05-19T15:10:07","slug":"varmeelement","status":"publish","type":"product","link":"https:\/\/www.ecoweedkiller.com\/sv\/butik\/varmeelement\/","title":{"rendered":"V\u00e4rmeelement"},"content":{"rendered":"<p>V\u00e4rmeelementet hettar upp vattnet.<\/p>\n<p>Vissa kan vara skadade p\u00e5 grund av \u00f6verdriven kalkuppbyggnad. F\u00f6r att byta ut elementet kr\u00e4vs professionell hj\u00e4lp (elektrisk del).<\/p>\n<p>V\u00e4rmeelementet inneh\u00e5ller metall och plast.<\/p>\n<p>\u00c5tervinn som SER (elektroniskt avfall) i n\u00e4rmaste SER-insamlingsplats f\u00f6r att bevara naturen.<\/p>\n","protected":false},"excerpt":{"rendered":"<p>V\u00e4rmeelementet hettar upp vattnet.<\/p>\n","protected":false},"featured_media":665,"template":"","meta":{"_acf_changed":false},"product_brand":[],"product_cat":[79],"product_tag":[],"class_list":{"0":"post-804","1":"product","2":"type-product","3":"status-publish","4":"has-post-thumbnail","6":"product_cat-spare-parts-sv","7":"product_shipping_class-medium-sv","9":"first","10":"instock","11":"taxable","12":"shipping-taxable","13":"purchasable","14":"product-type-simple"},"acf":[],"_links":{"self":[{"href":"https:\/\/www.ecoweedkiller.com\/sv\/wp-json\/wp\/v2\/product\/804","targetHints":{"allow":["GET"]}}],"collection":[{"href":"https:\/\/www.ecoweedkiller.com\/sv\/wp-json\/wp\/v2\/product"}],"about":[{"href":"https:\/\/www.ecoweedkiller.com\/sv\/wp-json\/wp\/v2\/types\/product"}],"wp:featuredmedia":[{"embeddable":true,"href":"https:\/\/www.ecoweedkiller.com\/sv\/wp-json\/wp\/v2\/media\/665"}],"wp:attachment":[{"href":"https:\/\/www.ecoweedkiller.com\/sv\/wp-json\/wp\/v2\/media?parent=804"}],"wp:term":[{"taxonomy":"product_brand","embeddable":true,"href":"https:\/\/www.ecoweedkiller.com\/sv\/wp-json\/wp\/v2\/product_brand?post=804"},{"taxonomy":"product_cat","embeddable":true,"href":"https:\/\/www.ecoweedkiller.com\/sv\/wp-json\/wp\/v2\/product_cat?post=804"},{"taxonomy":"product_tag","embeddable":true,"href":"https:\/\/www.ecoweedkiller.com\/sv\/wp-json\/wp\/v2\/product_tag?post=804"}],"curies":[{"name":"wp","href":"https:\/\/api.w.org\/{rel}","templated":true}]}}