{"id":803,"date":"2020-04-16T18:26:26","date_gmt":"2020-04-16T15:26:26","guid":{"rendered":"https:\/\/www.ecoweedkiller.com\/shop\/led-light-red\/"},"modified":"2020-05-19T18:05:02","modified_gmt":"2020-05-19T15:05:02","slug":"led-ljus-rott","status":"publish","type":"product","link":"https:\/\/www.ecoweedkiller.com\/sv\/butik\/led-ljus-rott\/","title":{"rendered":"LED-ljus r\u00f6tt"},"content":{"rendered":"<p>LED-ljuset indikerar enhetens drift.<\/p>\n<p>Det trasiga ljuset b\u00f6r bytas ut s\u00e5 att anv\u00e4ndaren vet n\u00e4r enheten \u00e4r p\u00e5slagen. F\u00f6r att byta ut ljuset kr\u00e4vs professionell hj\u00e4lp (elektrisk del).<\/p>\n<p>LED-ljuset \u00e4r gjort av PC-plast, rostfritt st\u00e5l, PA66-plast och m\u00e4ssing.<\/p>\n<p>\u00c5tervinn som SER (elektrisk och elektronisk utrustning) till n\u00e4rmaste SER-insamlingsplats f\u00f6r att bevara naturen.<\/p>\n","protected":false},"excerpt":{"rendered":"<p>LED-ljuset indikerar enhetens drift.<\/p>\n","protected":false},"featured_media":662,"template":"","meta":{"_acf_changed":false},"product_brand":[],"product_cat":[79],"product_tag":[],"class_list":{"0":"post-803","1":"product","2":"type-product","3":"status-publish","4":"has-post-thumbnail","6":"product_cat-spare-parts-sv","7":"product_shipping_class-small-sv","9":"first","10":"instock","11":"taxable","12":"shipping-taxable","13":"purchasable","14":"product-type-simple"},"acf":[],"_links":{"self":[{"href":"https:\/\/www.ecoweedkiller.com\/sv\/wp-json\/wp\/v2\/product\/803","targetHints":{"allow":["GET"]}}],"collection":[{"href":"https:\/\/www.ecoweedkiller.com\/sv\/wp-json\/wp\/v2\/product"}],"about":[{"href":"https:\/\/www.ecoweedkiller.com\/sv\/wp-json\/wp\/v2\/types\/product"}],"wp:featuredmedia":[{"embeddable":true,"href":"https:\/\/www.ecoweedkiller.com\/sv\/wp-json\/wp\/v2\/media\/662"}],"wp:attachment":[{"href":"https:\/\/www.ecoweedkiller.com\/sv\/wp-json\/wp\/v2\/media?parent=803"}],"wp:term":[{"taxonomy":"product_brand","embeddable":true,"href":"https:\/\/www.ecoweedkiller.com\/sv\/wp-json\/wp\/v2\/product_brand?post=803"},{"taxonomy":"product_cat","embeddable":true,"href":"https:\/\/www.ecoweedkiller.com\/sv\/wp-json\/wp\/v2\/product_cat?post=803"},{"taxonomy":"product_tag","embeddable":true,"href":"https:\/\/www.ecoweedkiller.com\/sv\/wp-json\/wp\/v2\/product_tag?post=803"}],"curies":[{"name":"wp","href":"https:\/\/api.w.org\/{rel}","templated":true}]}}