{"id":801,"date":"2020-04-16T18:30:57","date_gmt":"2020-04-16T15:30:57","guid":{"rendered":"https:\/\/www.ecoweedkiller.com\/shop\/thermostat\/"},"modified":"2020-05-20T12:09:27","modified_gmt":"2020-05-20T09:09:27","slug":"termostat","status":"publish","type":"product","link":"https:\/\/www.ecoweedkiller.com\/sv\/butik\/termostat\/","title":{"rendered":"Termostat"},"content":{"rendered":"<p>Termostaten kontrollerar vattentemperaturen och kopplar av uppv\u00e4rmningen n\u00e4r den \u00f6nskade temperaturen (100\u00b0C) n\u00e5s.<\/p>\n<p>Den trasiga delen m\u00e5ste bytas ut, eftersom enheten inte fungerar ordentligt utan den. F\u00f6r att byta ut termostaten beh\u00f6vs professionell hj\u00e4lp (elektrisk del).<\/p>\n<p>Termostaten \u00e4r gjord av bakelit och m\u00e4ssing.<\/p>\n<p>\u00c5tervinn som SER (elektrisk och elektronisk utrustning) till n\u00e4rmaste SER-insamlingsplats f\u00f6r att bevara naturen.<\/p>\n","protected":false},"excerpt":{"rendered":"<p>Termostaten kontrollerar vattentemperaturen och kopplar av uppv\u00e4rmningen n\u00e4r den \u00f6nskade temperaturen (100\u00b0C) n\u00e5s.<\/p>\n","protected":false},"featured_media":658,"template":"","meta":{"_acf_changed":false},"product_brand":[],"product_cat":[79],"product_tag":[],"class_list":{"0":"post-801","1":"product","2":"type-product","3":"status-publish","4":"has-post-thumbnail","6":"product_cat-spare-parts-sv","7":"product_shipping_class-small-sv","9":"first","10":"instock","11":"taxable","12":"shipping-taxable","13":"purchasable","14":"product-type-simple"},"acf":[],"_links":{"self":[{"href":"https:\/\/www.ecoweedkiller.com\/sv\/wp-json\/wp\/v2\/product\/801","targetHints":{"allow":["GET"]}}],"collection":[{"href":"https:\/\/www.ecoweedkiller.com\/sv\/wp-json\/wp\/v2\/product"}],"about":[{"href":"https:\/\/www.ecoweedkiller.com\/sv\/wp-json\/wp\/v2\/types\/product"}],"wp:featuredmedia":[{"embeddable":true,"href":"https:\/\/www.ecoweedkiller.com\/sv\/wp-json\/wp\/v2\/media\/658"}],"wp:attachment":[{"href":"https:\/\/www.ecoweedkiller.com\/sv\/wp-json\/wp\/v2\/media?parent=801"}],"wp:term":[{"taxonomy":"product_brand","embeddable":true,"href":"https:\/\/www.ecoweedkiller.com\/sv\/wp-json\/wp\/v2\/product_brand?post=801"},{"taxonomy":"product_cat","embeddable":true,"href":"https:\/\/www.ecoweedkiller.com\/sv\/wp-json\/wp\/v2\/product_cat?post=801"},{"taxonomy":"product_tag","embeddable":true,"href":"https:\/\/www.ecoweedkiller.com\/sv\/wp-json\/wp\/v2\/product_tag?post=801"}],"curies":[{"name":"wp","href":"https:\/\/api.w.org\/{rel}","templated":true}]}}