{"id":800,"date":"2020-04-16T18:43:29","date_gmt":"2020-04-16T15:43:29","guid":{"rendered":"https:\/\/www.ecoweedkiller.com\/shop\/complete-treatment-hose\/"},"modified":"2020-05-19T18:09:10","modified_gmt":"2020-05-19T15:09:10","slug":"fullstandig-behandlingsslang","status":"publish","type":"product","link":"https:\/\/www.ecoweedkiller.com\/sv\/butik\/fullstandig-behandlingsslang\/","title":{"rendered":"Fullst\u00e4ndig behandlingsslang"},"content":{"rendered":"<p>Med behandlingsslangen leds det 100-gradiga vattnet s\u00e4kert mot det o\u00f6nskade ogr\u00e4set f\u00f6r att behandlas.<\/p>\n<p>Slangen kan g\u00e5 s\u00f6nder p\u00e5 grund av slitage och abrasion. En trasig slang m\u00e5ste bytas ut, eftersom den annars kan l\u00e4cka kokande vatten p\u00e5 anv\u00e4ndaren.<\/p>\n<p>F\u00f6r att byta ut slangen beh\u00f6ver du en 2 x 22 mm stor skiftnyckel, lite styrka och skicklighet att \u00f6ppna slangkontakterna.<\/p>\n<p>\u00c5tervinn den trasiga slangen som blandavfall.<\/p>\n","protected":false},"excerpt":{"rendered":"<p>Med behandlingsslangen leds det 100-gradiga vattnet s\u00e4kert mot det o\u00f6nskade ogr\u00e4set f\u00f6r att behandlas.<\/p>\n","protected":false},"featured_media":656,"template":"","meta":{"_acf_changed":false},"product_brand":[],"product_cat":[79],"product_tag":[],"class_list":{"0":"post-800","1":"product","2":"type-product","3":"status-publish","4":"has-post-thumbnail","6":"product_cat-spare-parts-sv","7":"product_shipping_class-medium-sv","9":"first","10":"instock","11":"taxable","12":"shipping-taxable","13":"purchasable","14":"product-type-simple"},"acf":[],"_links":{"self":[{"href":"https:\/\/www.ecoweedkiller.com\/sv\/wp-json\/wp\/v2\/product\/800","targetHints":{"allow":["GET"]}}],"collection":[{"href":"https:\/\/www.ecoweedkiller.com\/sv\/wp-json\/wp\/v2\/product"}],"about":[{"href":"https:\/\/www.ecoweedkiller.com\/sv\/wp-json\/wp\/v2\/types\/product"}],"wp:featuredmedia":[{"embeddable":true,"href":"https:\/\/www.ecoweedkiller.com\/sv\/wp-json\/wp\/v2\/media\/656"}],"wp:attachment":[{"href":"https:\/\/www.ecoweedkiller.com\/sv\/wp-json\/wp\/v2\/media?parent=800"}],"wp:term":[{"taxonomy":"product_brand","embeddable":true,"href":"https:\/\/www.ecoweedkiller.com\/sv\/wp-json\/wp\/v2\/product_brand?post=800"},{"taxonomy":"product_cat","embeddable":true,"href":"https:\/\/www.ecoweedkiller.com\/sv\/wp-json\/wp\/v2\/product_cat?post=800"},{"taxonomy":"product_tag","embeddable":true,"href":"https:\/\/www.ecoweedkiller.com\/sv\/wp-json\/wp\/v2\/product_tag?post=800"}],"curies":[{"name":"wp","href":"https:\/\/api.w.org\/{rel}","templated":true}]}}