{"id":799,"date":"2020-04-16T19:04:52","date_gmt":"2020-04-16T16:04:52","guid":{"rendered":"https:\/\/www.ecoweedkiller.com\/shop\/safety-cap\/"},"modified":"2020-05-20T11:55:43","modified_gmt":"2020-05-20T08:55:43","slug":"sakerhetslock","status":"publish","type":"product","link":"https:\/\/www.ecoweedkiller.com\/sv\/butik\/sakerhetslock\/","title":{"rendered":"S\u00e4kerhetslock"},"content":{"rendered":"<p>S\u00e4kerhetslocket st\u00e4nger och t\u00e4tar enheten f\u00f6r att skapa det n\u00f6dv\u00e4ndiga \u00e5ngtrycket f\u00f6r behandling.<\/p>\n<p>S\u00e4kerhetslocket kan beh\u00f6va bytas efter en tid p\u00e5 grund av slitage eller brott. Det \u00e4r l\u00e4tt att byta locket.<\/p>\n<p>\u00c5tervinn s\u00e4kerhetslocket i blandavfall.<\/p>\n","protected":false},"excerpt":{"rendered":"<p>S\u00e4kerhetslocket st\u00e4nger och t\u00e4tar enheten f\u00f6r att skapa det n\u00f6dv\u00e4ndiga \u00e5ngtrycket f\u00f6r behandling.<\/p>\n","protected":false},"featured_media":652,"template":"","meta":{"_acf_changed":false},"product_brand":[],"product_cat":[79],"product_tag":[],"class_list":{"0":"post-799","1":"product","2":"type-product","3":"status-publish","4":"has-post-thumbnail","6":"product_cat-spare-parts-sv","7":"product_shipping_class-small-sv","9":"first","10":"instock","11":"taxable","12":"shipping-taxable","13":"purchasable","14":"product-type-simple"},"acf":[],"_links":{"self":[{"href":"https:\/\/www.ecoweedkiller.com\/sv\/wp-json\/wp\/v2\/product\/799","targetHints":{"allow":["GET"]}}],"collection":[{"href":"https:\/\/www.ecoweedkiller.com\/sv\/wp-json\/wp\/v2\/product"}],"about":[{"href":"https:\/\/www.ecoweedkiller.com\/sv\/wp-json\/wp\/v2\/types\/product"}],"wp:featuredmedia":[{"embeddable":true,"href":"https:\/\/www.ecoweedkiller.com\/sv\/wp-json\/wp\/v2\/media\/652"}],"wp:attachment":[{"href":"https:\/\/www.ecoweedkiller.com\/sv\/wp-json\/wp\/v2\/media?parent=799"}],"wp:term":[{"taxonomy":"product_brand","embeddable":true,"href":"https:\/\/www.ecoweedkiller.com\/sv\/wp-json\/wp\/v2\/product_brand?post=799"},{"taxonomy":"product_cat","embeddable":true,"href":"https:\/\/www.ecoweedkiller.com\/sv\/wp-json\/wp\/v2\/product_cat?post=799"},{"taxonomy":"product_tag","embeddable":true,"href":"https:\/\/www.ecoweedkiller.com\/sv\/wp-json\/wp\/v2\/product_tag?post=799"}],"curies":[{"name":"wp","href":"https:\/\/api.w.org\/{rel}","templated":true}]}}