{"id":798,"date":"2020-04-16T19:03:41","date_gmt":"2020-04-16T16:03:41","guid":{"rendered":"https:\/\/www.ecoweedkiller.com\/shop\/sealant-cap\/"},"modified":"2020-05-20T11:57:37","modified_gmt":"2020-05-20T08:57:37","slug":"tatning-for-sakerhetslock","status":"publish","type":"product","link":"https:\/\/www.ecoweedkiller.com\/sv\/butik\/tatning-for-sakerhetslock\/","title":{"rendered":"T\u00e4tning f\u00f6r s\u00e4kerhetslock"},"content":{"rendered":"<p>Silikont\u00e4tningen t\u00e4tar vattenbeh\u00e5llaren n\u00e4r s\u00e4kerhetslocket \u00e4r \u00e5tdraget. Silikont\u00e4tningen \u00e4r en slitdel som m\u00e5ste bytas ut enligt behov f\u00f6r att t\u00e4ta vattenbeh\u00e5llaren.<\/p>\n<p>F\u00f6r att byta ut delen kr\u00e4vs en mejsel eller annat verktyg f\u00f6r att gr\u00e4va ut den gamla t\u00e4tningen ur r\u00e4fflan i s\u00e4kerhetslockets botten. Tryck den nya t\u00e4tningen in i r\u00e4fflan p\u00e5 s\u00e4kerhetslocket.<\/p>\n<p>\u00c5tervinn silikont\u00e4tningen i blandavfall.<\/p>\n","protected":false},"excerpt":{"rendered":"<p>Silikont\u00e4tningen t\u00e4tar vattenbeh\u00e5llaren n\u00e4r s\u00e4kerhetslocket \u00e4r \u00e5tdraget.<\/p>\n","protected":false},"featured_media":650,"template":"","meta":{"_acf_changed":false},"product_brand":[],"product_cat":[79],"product_tag":[],"class_list":{"0":"post-798","1":"product","2":"type-product","3":"status-publish","4":"has-post-thumbnail","6":"product_cat-spare-parts-sv","7":"product_shipping_class-small-sv","9":"first","10":"instock","11":"taxable","12":"shipping-taxable","13":"purchasable","14":"product-type-simple"},"acf":[],"_links":{"self":[{"href":"https:\/\/www.ecoweedkiller.com\/sv\/wp-json\/wp\/v2\/product\/798","targetHints":{"allow":["GET"]}}],"collection":[{"href":"https:\/\/www.ecoweedkiller.com\/sv\/wp-json\/wp\/v2\/product"}],"about":[{"href":"https:\/\/www.ecoweedkiller.com\/sv\/wp-json\/wp\/v2\/types\/product"}],"wp:featuredmedia":[{"embeddable":true,"href":"https:\/\/www.ecoweedkiller.com\/sv\/wp-json\/wp\/v2\/media\/650"}],"wp:attachment":[{"href":"https:\/\/www.ecoweedkiller.com\/sv\/wp-json\/wp\/v2\/media?parent=798"}],"wp:term":[{"taxonomy":"product_brand","embeddable":true,"href":"https:\/\/www.ecoweedkiller.com\/sv\/wp-json\/wp\/v2\/product_brand?post=798"},{"taxonomy":"product_cat","embeddable":true,"href":"https:\/\/www.ecoweedkiller.com\/sv\/wp-json\/wp\/v2\/product_cat?post=798"},{"taxonomy":"product_tag","embeddable":true,"href":"https:\/\/www.ecoweedkiller.com\/sv\/wp-json\/wp\/v2\/product_tag?post=798"}],"curies":[{"name":"wp","href":"https:\/\/api.w.org\/{rel}","templated":true}]}}