{"id":797,"date":"2020-04-16T19:02:53","date_gmt":"2020-04-16T16:02:53","guid":{"rendered":"https:\/\/www.ecoweedkiller.com\/shop\/pressure-lock\/"},"modified":"2020-05-19T18:07:13","modified_gmt":"2020-05-19T15:07:13","slug":"trycklas","status":"publish","type":"product","link":"https:\/\/www.ecoweedkiller.com\/sv\/butik\/trycklas\/","title":{"rendered":"Tryckl\u00e5s"},"content":{"rendered":"<p>Tryckl\u00e5set t\u00e4tar vattenbeh\u00e5llaren n\u00e4r trycket i vattenbeh\u00e5llaren \u00f6kar. Detta \u00e4r en mycket viktig s\u00e4kerhets\u00e5tg\u00e4rd, eftersom det hindrar anv\u00e4ndaren fr\u00e5n att \u00f6ppna s\u00e4kerhetslocket n\u00e4r vattenbeh\u00e5llaren \u00e4r under tryck. Tryckl\u00e5set \u00e4r en slitdel och sj\u00e4lva l\u00e5sets funktion kan f\u00f6rs\u00e4mras p\u00e5 grund av kalkuppbyggnad. F\u00f6r att byta ut l\u00e5set kr\u00e4vs verktyg. Kroppen m\u00e5ste g\u00e4ngas inne i beh\u00e5llaren genom p\u00e5fyllningshalsens h\u00e5l.<\/p>\n<p>\u00c5tervinn tryckl\u00e5set som metallavfall.<\/p>\n","protected":false},"excerpt":{"rendered":"<p>Tryckl\u00e5set \u00e4r en mycket viktig s\u00e4kerhets\u00e5tg\u00e4rd, eftersom det hindrar anv\u00e4ndaren fr\u00e5n att \u00f6ppna s\u00e4kerhetslocket n\u00e4r vattenbeh\u00e5llaren \u00e4r under tryck.<\/p>\n","protected":false},"featured_media":644,"template":"","meta":{"_acf_changed":false},"product_brand":[],"product_cat":[79],"product_tag":[],"class_list":{"0":"post-797","1":"product","2":"type-product","3":"status-publish","4":"has-post-thumbnail","6":"product_cat-spare-parts-sv","7":"product_shipping_class-small-sv","9":"first","10":"instock","11":"taxable","12":"shipping-taxable","13":"purchasable","14":"product-type-simple"},"acf":[],"_links":{"self":[{"href":"https:\/\/www.ecoweedkiller.com\/sv\/wp-json\/wp\/v2\/product\/797","targetHints":{"allow":["GET"]}}],"collection":[{"href":"https:\/\/www.ecoweedkiller.com\/sv\/wp-json\/wp\/v2\/product"}],"about":[{"href":"https:\/\/www.ecoweedkiller.com\/sv\/wp-json\/wp\/v2\/types\/product"}],"wp:featuredmedia":[{"embeddable":true,"href":"https:\/\/www.ecoweedkiller.com\/sv\/wp-json\/wp\/v2\/media\/644"}],"wp:attachment":[{"href":"https:\/\/www.ecoweedkiller.com\/sv\/wp-json\/wp\/v2\/media?parent=797"}],"wp:term":[{"taxonomy":"product_brand","embeddable":true,"href":"https:\/\/www.ecoweedkiller.com\/sv\/wp-json\/wp\/v2\/product_brand?post=797"},{"taxonomy":"product_cat","embeddable":true,"href":"https:\/\/www.ecoweedkiller.com\/sv\/wp-json\/wp\/v2\/product_cat?post=797"},{"taxonomy":"product_tag","embeddable":true,"href":"https:\/\/www.ecoweedkiller.com\/sv\/wp-json\/wp\/v2\/product_tag?post=797"}],"curies":[{"name":"wp","href":"https:\/\/api.w.org\/{rel}","templated":true}]}}