{"id":796,"date":"2020-04-16T19:02:12","date_gmt":"2020-04-16T16:02:12","guid":{"rendered":"https:\/\/www.ecoweedkiller.com\/shop\/wheel\/"},"modified":"2020-05-20T12:24:38","modified_gmt":"2020-05-20T09:24:38","slug":"hjul","status":"publish","type":"product","link":"https:\/\/www.ecoweedkiller.com\/sv\/butik\/hjul\/","title":{"rendered":"Hjul"},"content":{"rendered":"<p>Hjulet g\u00f6r det l\u00e4ttare att flytta p\u00e5 Eco Weedkillers hetvattenenhet speciellt n\u00e4r den \u00e4r full med vatten.<\/p>\n<p>Hjulet kan slitas efter l\u00e5ngvarigt bruk. F\u00f6r att byta ut en del kr\u00e4vs en skakst\u00e5ng som avl\u00e4gsnar hjulets l\u00e5sring. D\u00e4refter \u00e4r det l\u00e4tt att byta hjul. En ny l\u00e5sring \u00e4r inkluderad i hjulets pris.<\/p>\n<p>\u00c5tervinn hjulet gjort av metall och gummi i metallavfall.<\/p>\n","protected":false},"excerpt":{"rendered":"<p>Hjulet g\u00f6r det l\u00e4ttare att flytta p\u00e5 Eco Weedkillers hetvattenenhet.<\/p>\n","protected":false},"featured_media":642,"template":"","meta":{"_acf_changed":false},"product_brand":[],"product_cat":[79],"product_tag":[],"class_list":{"0":"post-796","1":"product","2":"type-product","3":"status-publish","4":"has-post-thumbnail","6":"product_cat-spare-parts-sv","7":"product_shipping_class-medium-sv","9":"first","10":"instock","11":"taxable","12":"shipping-taxable","13":"purchasable","14":"product-type-simple"},"acf":[],"_links":{"self":[{"href":"https:\/\/www.ecoweedkiller.com\/sv\/wp-json\/wp\/v2\/product\/796","targetHints":{"allow":["GET"]}}],"collection":[{"href":"https:\/\/www.ecoweedkiller.com\/sv\/wp-json\/wp\/v2\/product"}],"about":[{"href":"https:\/\/www.ecoweedkiller.com\/sv\/wp-json\/wp\/v2\/types\/product"}],"wp:featuredmedia":[{"embeddable":true,"href":"https:\/\/www.ecoweedkiller.com\/sv\/wp-json\/wp\/v2\/media\/642"}],"wp:attachment":[{"href":"https:\/\/www.ecoweedkiller.com\/sv\/wp-json\/wp\/v2\/media?parent=796"}],"wp:term":[{"taxonomy":"product_brand","embeddable":true,"href":"https:\/\/www.ecoweedkiller.com\/sv\/wp-json\/wp\/v2\/product_brand?post=796"},{"taxonomy":"product_cat","embeddable":true,"href":"https:\/\/www.ecoweedkiller.com\/sv\/wp-json\/wp\/v2\/product_cat?post=796"},{"taxonomy":"product_tag","embeddable":true,"href":"https:\/\/www.ecoweedkiller.com\/sv\/wp-json\/wp\/v2\/product_tag?post=796"}],"curies":[{"name":"wp","href":"https:\/\/api.w.org\/{rel}","templated":true}]}}