{"id":795,"date":"2020-04-16T18:59:06","date_gmt":"2020-04-16T15:59:06","guid":{"rendered":"https:\/\/www.ecoweedkiller.com\/shop\/complete-treatment-lance\/"},"modified":"2020-05-20T12:02:12","modified_gmt":"2020-05-20T09:02:12","slug":"fullstandigt-behandlingshandtag","status":"publish","type":"product","link":"https:\/\/www.ecoweedkiller.com\/sv\/butik\/fullstandigt-behandlingshandtag\/","title":{"rendered":"Fullst\u00e4ndigt behandlingshandtag"},"content":{"rendered":"<p>Med behandlingshandtaget leds det 100-gradiga vattnet s\u00e4kert mot det o\u00f6nskade ogr\u00e4set f\u00f6r att behandlas.<\/p>\n<p>Handtaget kan g\u00e5 s\u00f6nder p\u00e5 grund av slitage och abrasion. Ett trasigt handtag m\u00e5ste bytas ut, eftersom det annars kan l\u00e4cka kokande vatten p\u00e5 anv\u00e4ndaren.<\/p>\n<p>F\u00f6r att byta ut handtaget beh\u00f6ver du en 2 x 22 mm stor skiftnyckel, lite styrka och skicklighet f\u00f6r att \u00f6ppna handtaget och slangkontakterna.<\/p>\n<p>Behandlingshandtaget \u00e4r gjort av galvaniserat st\u00e5l, rostfritt st\u00e5l och plast.<\/p>\n<p>\u00c5tervinn det trasiga handtaget som metallavfall.<\/p>\n","protected":false},"excerpt":{"rendered":"<p>Med behandlingshandtaget leds det 100-gradiga vattnet s\u00e4kert mot det o\u00f6nskade ogr\u00e4set f\u00f6r att behandlas.<\/p>\n","protected":false},"featured_media":633,"template":"","meta":{"_acf_changed":false},"product_brand":[],"product_cat":[79],"product_tag":[],"class_list":{"0":"post-795","1":"product","2":"type-product","3":"status-publish","4":"has-post-thumbnail","6":"product_cat-spare-parts-sv","7":"product_shipping_class-medium-sv","9":"first","10":"instock","11":"taxable","12":"shipping-taxable","13":"purchasable","14":"product-type-simple"},"acf":[],"_links":{"self":[{"href":"https:\/\/www.ecoweedkiller.com\/sv\/wp-json\/wp\/v2\/product\/795","targetHints":{"allow":["GET"]}}],"collection":[{"href":"https:\/\/www.ecoweedkiller.com\/sv\/wp-json\/wp\/v2\/product"}],"about":[{"href":"https:\/\/www.ecoweedkiller.com\/sv\/wp-json\/wp\/v2\/types\/product"}],"wp:featuredmedia":[{"embeddable":true,"href":"https:\/\/www.ecoweedkiller.com\/sv\/wp-json\/wp\/v2\/media\/633"}],"wp:attachment":[{"href":"https:\/\/www.ecoweedkiller.com\/sv\/wp-json\/wp\/v2\/media?parent=795"}],"wp:term":[{"taxonomy":"product_brand","embeddable":true,"href":"https:\/\/www.ecoweedkiller.com\/sv\/wp-json\/wp\/v2\/product_brand?post=795"},{"taxonomy":"product_cat","embeddable":true,"href":"https:\/\/www.ecoweedkiller.com\/sv\/wp-json\/wp\/v2\/product_cat?post=795"},{"taxonomy":"product_tag","embeddable":true,"href":"https:\/\/www.ecoweedkiller.com\/sv\/wp-json\/wp\/v2\/product_tag?post=795"}],"curies":[{"name":"wp","href":"https:\/\/api.w.org\/{rel}","templated":true}]}}