{"id":794,"date":"2020-04-16T19:00:38","date_gmt":"2020-04-16T16:00:38","guid":{"rendered":"https:\/\/www.ecoweedkiller.com\/shop\/copper-washer\/"},"modified":"2020-05-20T12:04:56","modified_gmt":"2020-05-20T09:04:56","slug":"koppartatning","status":"publish","type":"product","link":"https:\/\/www.ecoweedkiller.com\/sv\/butik\/koppartatning\/","title":{"rendered":"Koppart\u00e4tning"},"content":{"rendered":"<p>Koppart\u00e4tningen t\u00e4tar v\u00e4rmeelementet.<\/p>\n<p>Byt alltid ut koppart\u00e4tningen n\u00e4r v\u00e4rmeelementet byts ut. Detta kr\u00e4ver professionell hj\u00e4lp (v\u00e4rmeelementet \u00e4r en elektrisk del).<\/p>\n<p>\u00c5tervinn koppart\u00e4tningen som metallavfall.<\/p>\n","protected":false},"excerpt":{"rendered":"<p>Koppart\u00e4tningen t\u00e4tar v\u00e4rmeelementet.<\/p>\n","protected":false},"featured_media":631,"template":"","meta":{"_acf_changed":false},"product_brand":[],"product_cat":[79],"product_tag":[],"class_list":{"0":"post-794","1":"product","2":"type-product","3":"status-publish","4":"has-post-thumbnail","6":"product_cat-spare-parts-sv","7":"product_shipping_class-small-sv","9":"first","10":"instock","11":"taxable","12":"shipping-taxable","13":"purchasable","14":"product-type-simple"},"acf":[],"_links":{"self":[{"href":"https:\/\/www.ecoweedkiller.com\/sv\/wp-json\/wp\/v2\/product\/794","targetHints":{"allow":["GET"]}}],"collection":[{"href":"https:\/\/www.ecoweedkiller.com\/sv\/wp-json\/wp\/v2\/product"}],"about":[{"href":"https:\/\/www.ecoweedkiller.com\/sv\/wp-json\/wp\/v2\/types\/product"}],"wp:featuredmedia":[{"embeddable":true,"href":"https:\/\/www.ecoweedkiller.com\/sv\/wp-json\/wp\/v2\/media\/631"}],"wp:attachment":[{"href":"https:\/\/www.ecoweedkiller.com\/sv\/wp-json\/wp\/v2\/media?parent=794"}],"wp:term":[{"taxonomy":"product_brand","embeddable":true,"href":"https:\/\/www.ecoweedkiller.com\/sv\/wp-json\/wp\/v2\/product_brand?post=794"},{"taxonomy":"product_cat","embeddable":true,"href":"https:\/\/www.ecoweedkiller.com\/sv\/wp-json\/wp\/v2\/product_cat?post=794"},{"taxonomy":"product_tag","embeddable":true,"href":"https:\/\/www.ecoweedkiller.com\/sv\/wp-json\/wp\/v2\/product_tag?post=794"}],"curies":[{"name":"wp","href":"https:\/\/api.w.org\/{rel}","templated":true}]}}