{"id":776,"date":"2020-04-30T13:02:22","date_gmt":"2020-04-30T10:02:22","guid":{"rendered":"https:\/\/www.ecoweedkiller.com\/shop\/eco-weedkiller-garden\/"},"modified":"2025-07-25T16:29:23","modified_gmt":"2025-07-25T13:29:23","slug":"eco-weedkiller-garden","status":"publish","type":"product","link":"https:\/\/www.ecoweedkiller.com\/sv\/butik\/eco-weedkiller-garden\/","title":{"rendered":"Eco Weedkiller Garden"},"content":{"rendered":"<p>Eco Weedkiller Garden \u00e4r v\u00e4rldens f\u00f6rsta enhet f\u00f6r ogr\u00e4sbek\u00e4mpning med 100\u00b0C vatten. Enheten har utvecklats f\u00f6r l\u00e4tt och s\u00e4ker anv\u00e4ndning f\u00f6r individuellt bruk. Om du \u00e4r tr\u00f6tt p\u00e5 att bek\u00e4mpa ogr\u00e4s manuellt eller inte vill belasta din tr\u00e4dg\u00e5rd med gifter \u00e4r Eco Weedkiller perfekt f\u00f6r dig.<\/p>\n<p><a href=\"https:\/\/www.ecoweedkiller.com\/sv\/produkter\/eco-weedkiller-garden\/\">G\u00e5 till produktsida<\/a><\/p>\n","protected":false},"excerpt":{"rendered":"<p>V\u00e4rldens f\u00f6rsta enhet f\u00f6r ogr\u00e4sbek\u00e4mpning med 100\u00b0C vatten f\u00f6r hemtr\u00e4dg\u00e5rdsarbetare och fastighets\u00e4gare.<\/p>\n","protected":false},"featured_media":5557,"template":"","meta":{"_acf_changed":false},"product_brand":[],"product_cat":[77],"product_tag":[],"class_list":{"0":"post-776","1":"product","2":"type-product","3":"status-publish","4":"has-post-thumbnail","6":"product_cat-devices-sv","7":"product_shipping_class-large-sv","9":"first","10":"instock","11":"taxable","12":"shipping-taxable","13":"purchasable","14":"product-type-variable","15":"has-default-attributes"},"acf":[],"_links":{"self":[{"href":"https:\/\/www.ecoweedkiller.com\/sv\/wp-json\/wp\/v2\/product\/776","targetHints":{"allow":["GET"]}}],"collection":[{"href":"https:\/\/www.ecoweedkiller.com\/sv\/wp-json\/wp\/v2\/product"}],"about":[{"href":"https:\/\/www.ecoweedkiller.com\/sv\/wp-json\/wp\/v2\/types\/product"}],"wp:featuredmedia":[{"embeddable":true,"href":"https:\/\/www.ecoweedkiller.com\/sv\/wp-json\/wp\/v2\/media\/5557"}],"wp:attachment":[{"href":"https:\/\/www.ecoweedkiller.com\/sv\/wp-json\/wp\/v2\/media?parent=776"}],"wp:term":[{"taxonomy":"product_brand","embeddable":true,"href":"https:\/\/www.ecoweedkiller.com\/sv\/wp-json\/wp\/v2\/product_brand?post=776"},{"taxonomy":"product_cat","embeddable":true,"href":"https:\/\/www.ecoweedkiller.com\/sv\/wp-json\/wp\/v2\/product_cat?post=776"},{"taxonomy":"product_tag","embeddable":true,"href":"https:\/\/www.ecoweedkiller.com\/sv\/wp-json\/wp\/v2\/product_tag?post=776"}],"curies":[{"name":"wp","href":"https:\/\/api.w.org\/{rel}","templated":true}]}}