{"id":6834,"date":"2025-12-22T10:32:19","date_gmt":"2025-12-22T08:32:19","guid":{"rendered":"https:\/\/www.ecoweedkiller.com\/?page_id=6834"},"modified":"2025-12-22T10:36:16","modified_gmt":"2025-12-22T08:36:16","slug":"aterforsaljare","status":"publish","type":"page","link":"https:\/\/www.ecoweedkiller.com\/sv\/aterforsaljare\/","title":{"rendered":"\u00c5terf\u00f6rs\u00e4ljare"},"content":{"rendered":"","protected":false},"excerpt":{"rendered":"","protected":false},"author":30,"featured_media":0,"parent":0,"menu_order":84,"comment_status":"closed","ping_status":"closed","template":"","meta":{"_acf_changed":false,"footnotes":""},"class_list":["post-6834","page","type-page","status-publish","hentry"],"acf":[],"_links":{"self":[{"href":"https:\/\/www.ecoweedkiller.com\/sv\/wp-json\/wp\/v2\/pages\/6834","targetHints":{"allow":["GET"]}}],"collection":[{"href":"https:\/\/www.ecoweedkiller.com\/sv\/wp-json\/wp\/v2\/pages"}],"about":[{"href":"https:\/\/www.ecoweedkiller.com\/sv\/wp-json\/wp\/v2\/types\/page"}],"author":[{"embeddable":true,"href":"https:\/\/www.ecoweedkiller.com\/sv\/wp-json\/wp\/v2\/users\/30"}],"replies":[{"embeddable":true,"href":"https:\/\/www.ecoweedkiller.com\/sv\/wp-json\/wp\/v2\/comments?post=6834"}],"version-history":[{"count":3,"href":"https:\/\/www.ecoweedkiller.com\/sv\/wp-json\/wp\/v2\/pages\/6834\/revisions"}],"predecessor-version":[{"id":6866,"href":"https:\/\/www.ecoweedkiller.com\/sv\/wp-json\/wp\/v2\/pages\/6834\/revisions\/6866"}],"wp:attachment":[{"href":"https:\/\/www.ecoweedkiller.com\/sv\/wp-json\/wp\/v2\/media?parent=6834"}],"curies":[{"name":"wp","href":"https:\/\/api.w.org\/{rel}","templated":true}]}}