{"id":663,"date":"2020-04-07T15:50:22","date_gmt":"2020-04-07T12:50:22","guid":{"rendered":"https:\/\/www.ecoweedkiller.com\/shop\/lammitys\/"},"modified":"2020-05-19T15:39:53","modified_gmt":"2020-05-19T12:39:53","slug":"lammitys","status":"publish","type":"product","link":"https:\/\/www.ecoweedkiller.com\/fi\/kauppa\/lammitys\/","title":{"rendered":"L\u00e4mmityselementti"},"content":{"rendered":"<p>L\u00e4mmityselementti kuumentaa veden. Osa saattaa vioittua liiallisen kalkkikerrostuman takia. Vaihto vaatii ammattilaisen apua (s\u00e4hk\u00f6osa).<\/p>\n<p>L\u00e4mmityselementti sis\u00e4lt\u00e4\u00e4 metallia ja muovia.<\/p>\n<p>Kierr\u00e4t\u00e4 s\u00e4hk\u00f6- ja elektroniikkaromun (SER) kierr\u00e4tyspisteess\u00e4 suojellaksesi luontoa.<\/p>\n","protected":false},"excerpt":{"rendered":"<p>L\u00e4mmityselementti kuumentaa veden.<\/p>\n","protected":false},"featured_media":411,"template":"","meta":{"_acf_changed":false},"product_brand":[],"product_cat":[45],"product_tag":[],"class_list":{"0":"post-663","1":"product","2":"type-product","3":"status-publish","4":"has-post-thumbnail","6":"product_cat-varaosat","7":"product_shipping_class-medium-fi","9":"first","10":"instock","11":"taxable","12":"shipping-taxable","13":"purchasable","14":"product-type-simple"},"acf":[],"_links":{"self":[{"href":"https:\/\/www.ecoweedkiller.com\/fi\/wp-json\/wp\/v2\/product\/663","targetHints":{"allow":["GET"]}}],"collection":[{"href":"https:\/\/www.ecoweedkiller.com\/fi\/wp-json\/wp\/v2\/product"}],"about":[{"href":"https:\/\/www.ecoweedkiller.com\/fi\/wp-json\/wp\/v2\/types\/product"}],"wp:featuredmedia":[{"embeddable":true,"href":"https:\/\/www.ecoweedkiller.com\/fi\/wp-json\/wp\/v2\/media\/411"}],"wp:attachment":[{"href":"https:\/\/www.ecoweedkiller.com\/fi\/wp-json\/wp\/v2\/media?parent=663"}],"wp:term":[{"taxonomy":"product_brand","embeddable":true,"href":"https:\/\/www.ecoweedkiller.com\/fi\/wp-json\/wp\/v2\/product_brand?post=663"},{"taxonomy":"product_cat","embeddable":true,"href":"https:\/\/www.ecoweedkiller.com\/fi\/wp-json\/wp\/v2\/product_cat?post=663"},{"taxonomy":"product_tag","embeddable":true,"href":"https:\/\/www.ecoweedkiller.com\/fi\/wp-json\/wp\/v2\/product_tag?post=663"}],"curies":[{"name":"wp","href":"https:\/\/api.w.org\/{rel}","templated":true}]}}