{"id":659,"date":"2020-04-16T18:28:58","date_gmt":"2020-04-16T15:28:58","guid":{"rendered":"https:\/\/www.ecoweedkiller.com\/shop\/led-valo-vihrea\/"},"modified":"2020-05-18T15:54:32","modified_gmt":"2020-05-18T12:54:32","slug":"led-valo-vihrea","status":"publish","type":"product","link":"https:\/\/www.ecoweedkiller.com\/fi\/kauppa\/led-valo-vihrea\/","title":{"rendered":"LED-valo vihre\u00e4"},"content":{"rendered":"<p>Merkkivalo ilmaisee laitteen toiminnasta. Vioittunut valo tulee vaihtaa, jotta k\u00e4ytt\u00e4j\u00e4 tiet\u00e4\u00e4, milloin laitteeseen on kytketty virta.<\/p>\n<p>Vaihto vaatii ammattilaisen apua (s\u00e4hk\u00f6osa)<\/p>\n<p>LED-valo on tehty PC-muovista, ruostumattomasta ter\u00e4ksest\u00e4, PA66 muovista ja messingist\u00e4.<\/p>\n<p>Kierr\u00e4t\u00e4 s\u00e4hk\u00f6- ja elektroniikkaromun (SER) kierr\u00e4tyspisteess\u00e4 suojellaksesi luontoa.<\/p>\n","protected":false},"excerpt":{"rendered":"<p>LED-valo ilmaisee laitteen toiminnan.<\/p>\n","protected":false},"featured_media":413,"template":"","meta":{"_acf_changed":false},"product_brand":[],"product_cat":[45],"product_tag":[],"class_list":{"0":"post-659","1":"product","2":"type-product","3":"status-publish","4":"has-post-thumbnail","6":"product_cat-varaosat","7":"product_shipping_class-pieni","9":"first","10":"instock","11":"taxable","12":"shipping-taxable","13":"purchasable","14":"product-type-simple"},"acf":[],"_links":{"self":[{"href":"https:\/\/www.ecoweedkiller.com\/fi\/wp-json\/wp\/v2\/product\/659","targetHints":{"allow":["GET"]}}],"collection":[{"href":"https:\/\/www.ecoweedkiller.com\/fi\/wp-json\/wp\/v2\/product"}],"about":[{"href":"https:\/\/www.ecoweedkiller.com\/fi\/wp-json\/wp\/v2\/types\/product"}],"wp:featuredmedia":[{"embeddable":true,"href":"https:\/\/www.ecoweedkiller.com\/fi\/wp-json\/wp\/v2\/media\/413"}],"wp:attachment":[{"href":"https:\/\/www.ecoweedkiller.com\/fi\/wp-json\/wp\/v2\/media?parent=659"}],"wp:term":[{"taxonomy":"product_brand","embeddable":true,"href":"https:\/\/www.ecoweedkiller.com\/fi\/wp-json\/wp\/v2\/product_brand?post=659"},{"taxonomy":"product_cat","embeddable":true,"href":"https:\/\/www.ecoweedkiller.com\/fi\/wp-json\/wp\/v2\/product_cat?post=659"},{"taxonomy":"product_tag","embeddable":true,"href":"https:\/\/www.ecoweedkiller.com\/fi\/wp-json\/wp\/v2\/product_tag?post=659"}],"curies":[{"name":"wp","href":"https:\/\/api.w.org\/{rel}","templated":true}]}}