{"id":657,"date":"2020-04-16T18:30:57","date_gmt":"2020-04-16T15:30:57","guid":{"rendered":"https:\/\/www.ecoweedkiller.com\/shop\/termostaatti\/"},"modified":"2020-05-18T15:54:23","modified_gmt":"2020-05-18T12:54:23","slug":"termostaatti","status":"publish","type":"product","link":"https:\/\/www.ecoweedkiller.com\/fi\/kauppa\/termostaatti\/","title":{"rendered":"Termostaatti"},"content":{"rendered":"<p>Termostaatti seuraa veden l\u00e4mp\u00f6tilaa ja sammuttaa kuumentamisen kun haluttu l\u00e4mp\u00f6tila (100\u00b0C) on saavutettu.<\/p>\n<p>Rikkoutunut osa tulee vaihtaa, ilman t\u00e4t\u00e4 laite ei toimi kunnolla. Vaihtaminen vaatii ammattilaista (s\u00e4hk\u00f6osa).<\/p>\n<p>Termostaatti on\u00a0 valmistettu bakeliitista ja messingist\u00e4.<\/p>\n<p>Kierr\u00e4t\u00e4 s\u00e4hk\u00f6- ja elektroniikkaromun (SER) ker\u00e4yspisteess\u00e4 suojellaksesi luontoa.<\/p>\n","protected":false},"excerpt":{"rendered":"<p>Termostaatti seuraa veden l\u00e4mp\u00f6tilaa ja sammuttaa kuumentamisen kun haluttu l\u00e4mp\u00f6tila (100\u00b0C) on saavutettu.<\/p>\n","protected":false},"featured_media":414,"template":"","meta":{"_acf_changed":false},"product_brand":[],"product_cat":[45],"product_tag":[],"class_list":{"0":"post-657","1":"product","2":"type-product","3":"status-publish","4":"has-post-thumbnail","6":"product_cat-varaosat","7":"product_shipping_class-pieni","9":"first","10":"instock","11":"taxable","12":"shipping-taxable","13":"purchasable","14":"product-type-simple"},"acf":[],"_links":{"self":[{"href":"https:\/\/www.ecoweedkiller.com\/fi\/wp-json\/wp\/v2\/product\/657","targetHints":{"allow":["GET"]}}],"collection":[{"href":"https:\/\/www.ecoweedkiller.com\/fi\/wp-json\/wp\/v2\/product"}],"about":[{"href":"https:\/\/www.ecoweedkiller.com\/fi\/wp-json\/wp\/v2\/types\/product"}],"wp:featuredmedia":[{"embeddable":true,"href":"https:\/\/www.ecoweedkiller.com\/fi\/wp-json\/wp\/v2\/media\/414"}],"wp:attachment":[{"href":"https:\/\/www.ecoweedkiller.com\/fi\/wp-json\/wp\/v2\/media?parent=657"}],"wp:term":[{"taxonomy":"product_brand","embeddable":true,"href":"https:\/\/www.ecoweedkiller.com\/fi\/wp-json\/wp\/v2\/product_brand?post=657"},{"taxonomy":"product_cat","embeddable":true,"href":"https:\/\/www.ecoweedkiller.com\/fi\/wp-json\/wp\/v2\/product_cat?post=657"},{"taxonomy":"product_tag","embeddable":true,"href":"https:\/\/www.ecoweedkiller.com\/fi\/wp-json\/wp\/v2\/product_tag?post=657"}],"curies":[{"name":"wp","href":"https:\/\/api.w.org\/{rel}","templated":true}]}}