{"id":655,"date":"2020-04-16T18:43:29","date_gmt":"2020-04-16T15:43:29","guid":{"rendered":"https:\/\/www.ecoweedkiller.com\/shop\/kokonainen-kasittelyletku\/"},"modified":"2020-05-19T10:09:47","modified_gmt":"2020-05-19T07:09:47","slug":"kokonainen-kasittelyletku","status":"publish","type":"product","link":"https:\/\/www.ecoweedkiller.com\/fi\/kauppa\/kokonainen-kasittelyletku\/","title":{"rendered":"Kokonainen k\u00e4sittelyletku"},"content":{"rendered":"<p>K\u00e4sittelyletkun kanssa 100\u00b0C vesi ohjataan turvallisesti k\u00e4sitelt\u00e4viin rikkaruohoihin.<\/p>\n<p>Letku saattaa rikkoutua k\u00e4yt\u00f6ss\u00e4 tai hankauksessa. Vaurioitunut letku tulee vaihtaa, sill\u00e4 rikkoutunut letku saattaa vuotaa kiehuvaa vett\u00e4 k\u00e4ytt\u00e4j\u00e4n p\u00e4\u00e4lle.<\/p>\n<p>Vaihtaaksesi osan, tarvitset 2 x 22 mm kiintoavaimen, hieman voimaa ja taitoa letkuliittimien avaamiseen.<\/p>\n<p>Kierr\u00e4t\u00e4 rikkoutunut letku sekaj\u00e4tteess\u00e4.<\/p>\n","protected":false},"excerpt":{"rendered":"<p>K\u00e4sittelyletkun kanssa 100\u00b0C vesi ohjataan turvallisesti k\u00e4sitelt\u00e4viin rikkaruohoihin.<\/p>\n","protected":false},"featured_media":415,"template":"","meta":{"_acf_changed":false},"product_brand":[],"product_cat":[45],"product_tag":[],"class_list":{"0":"post-655","1":"product","2":"type-product","3":"status-publish","4":"has-post-thumbnail","6":"product_cat-varaosat","7":"product_shipping_class-medium-fi","9":"first","10":"instock","11":"taxable","12":"shipping-taxable","13":"purchasable","14":"product-type-simple"},"acf":[],"_links":{"self":[{"href":"https:\/\/www.ecoweedkiller.com\/fi\/wp-json\/wp\/v2\/product\/655","targetHints":{"allow":["GET"]}}],"collection":[{"href":"https:\/\/www.ecoweedkiller.com\/fi\/wp-json\/wp\/v2\/product"}],"about":[{"href":"https:\/\/www.ecoweedkiller.com\/fi\/wp-json\/wp\/v2\/types\/product"}],"wp:featuredmedia":[{"embeddable":true,"href":"https:\/\/www.ecoweedkiller.com\/fi\/wp-json\/wp\/v2\/media\/415"}],"wp:attachment":[{"href":"https:\/\/www.ecoweedkiller.com\/fi\/wp-json\/wp\/v2\/media?parent=655"}],"wp:term":[{"taxonomy":"product_brand","embeddable":true,"href":"https:\/\/www.ecoweedkiller.com\/fi\/wp-json\/wp\/v2\/product_brand?post=655"},{"taxonomy":"product_cat","embeddable":true,"href":"https:\/\/www.ecoweedkiller.com\/fi\/wp-json\/wp\/v2\/product_cat?post=655"},{"taxonomy":"product_tag","embeddable":true,"href":"https:\/\/www.ecoweedkiller.com\/fi\/wp-json\/wp\/v2\/product_tag?post=655"}],"curies":[{"name":"wp","href":"https:\/\/api.w.org\/{rel}","templated":true}]}}