{"id":651,"date":"2020-04-16T19:04:52","date_gmt":"2020-04-16T16:04:52","guid":{"rendered":"https:\/\/www.ecoweedkiller.com\/shop\/tayttokorkki\/"},"modified":"2020-05-19T15:40:26","modified_gmt":"2020-05-19T12:40:26","slug":"tayttokorkki","status":"publish","type":"product","link":"https:\/\/www.ecoweedkiller.com\/fi\/kauppa\/tayttokorkki\/","title":{"rendered":"T\u00e4ytt\u00f6korkki"},"content":{"rendered":"<p>Painelukko lukitsee ja tiivist\u00e4\u00e4 s\u00e4ili\u00f6n, kun paine kasvaa s\u00e4ili\u00f6n sis\u00e4ll\u00e4. Erityisen t\u00e4rke\u00e4 turvavaruste, est\u00e4\u00e4 k\u00e4ytt\u00e4j\u00e4n avaamasta korkkia s\u00e4ili\u00f6n olleessa paineenalainen.<\/p>\n<p>Painelukon tiivisteet ovat kuluvia osia ja itse lukon toiminta saattaa heikenty\u00e4 kalkkikerrostuman takia. Vaihto vaatii ty\u00f6kaluja, runko-osa pit\u00e4\u00e4 saada pujotettua s\u00e4ili\u00f6n sis\u00e4puolelle t\u00e4ytt\u00f6kaulan rei\u00e4st\u00e4.<\/p>\n<p>Kierr\u00e4t\u00e4 t\u00e4ytt\u00f6korkki sekaj\u00e4tteen mukana.<\/p>\n","protected":false},"excerpt":{"rendered":"<p>T\u00e4ytt\u00f6korkki sulkee ja tiivist\u00e4\u00e4 laitteen luodakseen k\u00e4sittelyyn tarvittavan paineen.<\/p>\n","protected":false},"featured_media":421,"template":"","meta":{"_acf_changed":false},"product_brand":[],"product_cat":[45],"product_tag":[],"class_list":{"0":"post-651","1":"product","2":"type-product","3":"status-publish","4":"has-post-thumbnail","6":"product_cat-varaosat","7":"product_shipping_class-pieni","9":"first","10":"instock","11":"taxable","12":"shipping-taxable","13":"purchasable","14":"product-type-simple"},"acf":[],"_links":{"self":[{"href":"https:\/\/www.ecoweedkiller.com\/fi\/wp-json\/wp\/v2\/product\/651","targetHints":{"allow":["GET"]}}],"collection":[{"href":"https:\/\/www.ecoweedkiller.com\/fi\/wp-json\/wp\/v2\/product"}],"about":[{"href":"https:\/\/www.ecoweedkiller.com\/fi\/wp-json\/wp\/v2\/types\/product"}],"wp:featuredmedia":[{"embeddable":true,"href":"https:\/\/www.ecoweedkiller.com\/fi\/wp-json\/wp\/v2\/media\/421"}],"wp:attachment":[{"href":"https:\/\/www.ecoweedkiller.com\/fi\/wp-json\/wp\/v2\/media?parent=651"}],"wp:term":[{"taxonomy":"product_brand","embeddable":true,"href":"https:\/\/www.ecoweedkiller.com\/fi\/wp-json\/wp\/v2\/product_brand?post=651"},{"taxonomy":"product_cat","embeddable":true,"href":"https:\/\/www.ecoweedkiller.com\/fi\/wp-json\/wp\/v2\/product_cat?post=651"},{"taxonomy":"product_tag","embeddable":true,"href":"https:\/\/www.ecoweedkiller.com\/fi\/wp-json\/wp\/v2\/product_tag?post=651"}],"curies":[{"name":"wp","href":"https:\/\/api.w.org\/{rel}","templated":true}]}}