{"id":649,"date":"2020-04-16T19:03:41","date_gmt":"2020-04-16T16:03:41","guid":{"rendered":"https:\/\/www.ecoweedkiller.com\/shop\/tayttokorkin-tiiviste\/"},"modified":"2020-05-18T15:53:52","modified_gmt":"2020-05-18T12:53:52","slug":"tayttokorkin-tiiviste","status":"publish","type":"product","link":"https:\/\/www.ecoweedkiller.com\/fi\/kauppa\/tayttokorkin-tiiviste\/","title":{"rendered":"T\u00e4ytt\u00f6korkin tiiviste"},"content":{"rendered":"<p>Silikonitiiviste tiivist\u00e4\u00e4 s\u00e4ili\u00f6n kun korkki kiristet\u00e4\u00e4n. Silikonitiiviste on kuluva osa, joka tulee vaihtaa aina tarpeen vaatiessa jotta s\u00e4ili\u00f6 saadaan tiivistetty\u00e4.<\/p>\n<p>Vaihtoa varten tarvitsee meisselin tai muun ty\u00f6kalun, jolla vanha tiiviste saadaan kaivettua ulos korkin pohjalla olevasta urasta. Uuden tiivisteen asentaminen tapahtuu painamalla uusi tiiviste korkin uraan.<\/p>\n<p>Kierr\u00e4t\u00e4 silikoninen tiiviste sekaj\u00e4tteess\u00e4.<\/p>\n","protected":false},"excerpt":{"rendered":"<p>Silikoninen tiiviste tiivist\u00e4\u00e4 s\u00e4ili\u00f6n kun korkki kiristet\u00e4\u00e4n.<\/p>\n","protected":false},"featured_media":420,"template":"","meta":{"_acf_changed":false},"product_brand":[],"product_cat":[45],"product_tag":[],"class_list":{"0":"post-649","1":"product","2":"type-product","3":"status-publish","4":"has-post-thumbnail","6":"product_cat-varaosat","7":"product_shipping_class-pieni","9":"first","10":"instock","11":"taxable","12":"shipping-taxable","13":"purchasable","14":"product-type-simple"},"acf":[],"_links":{"self":[{"href":"https:\/\/www.ecoweedkiller.com\/fi\/wp-json\/wp\/v2\/product\/649","targetHints":{"allow":["GET"]}}],"collection":[{"href":"https:\/\/www.ecoweedkiller.com\/fi\/wp-json\/wp\/v2\/product"}],"about":[{"href":"https:\/\/www.ecoweedkiller.com\/fi\/wp-json\/wp\/v2\/types\/product"}],"wp:featuredmedia":[{"embeddable":true,"href":"https:\/\/www.ecoweedkiller.com\/fi\/wp-json\/wp\/v2\/media\/420"}],"wp:attachment":[{"href":"https:\/\/www.ecoweedkiller.com\/fi\/wp-json\/wp\/v2\/media?parent=649"}],"wp:term":[{"taxonomy":"product_brand","embeddable":true,"href":"https:\/\/www.ecoweedkiller.com\/fi\/wp-json\/wp\/v2\/product_brand?post=649"},{"taxonomy":"product_cat","embeddable":true,"href":"https:\/\/www.ecoweedkiller.com\/fi\/wp-json\/wp\/v2\/product_cat?post=649"},{"taxonomy":"product_tag","embeddable":true,"href":"https:\/\/www.ecoweedkiller.com\/fi\/wp-json\/wp\/v2\/product_tag?post=649"}],"curies":[{"name":"wp","href":"https:\/\/api.w.org\/{rel}","templated":true}]}}