{"id":643,"date":"2020-04-16T19:02:53","date_gmt":"2020-04-16T16:02:53","guid":{"rendered":"https:\/\/www.ecoweedkiller.com\/shop\/turvalukko\/"},"modified":"2020-05-19T10:09:16","modified_gmt":"2020-05-19T07:09:16","slug":"painelukko","status":"publish","type":"product","link":"https:\/\/www.ecoweedkiller.com\/fi\/kauppa\/painelukko\/","title":{"rendered":"Painelukko"},"content":{"rendered":"<p>Painelukko lukitsee ja tiivist\u00e4\u00e4 s\u00e4ili\u00f6n, kun paine kasvaa s\u00e4ili\u00f6n sis\u00e4ll\u00e4. Erityisen t\u00e4rke\u00e4 turvavaruste, est\u00e4\u00e4 k\u00e4ytt\u00e4j\u00e4n avaamasta korkkia s\u00e4ili\u00f6n ollessa paineenalainen.<\/p>\n<p>Painelukon tiivisteet ovat kuluvia osia ja itse lukon toiminta saattaa heikenty\u00e4 kalkkikerrostuman takia. Vaihto vaatii ty\u00f6kaluja, runko-osa pit\u00e4\u00e4 saada pujotettua s\u00e4ili\u00f6n sis\u00e4puolelle t\u00e4ytt\u00f6kaulan rei\u00e4st\u00e4.<\/p>\n<p>Kierr\u00e4t\u00e4 painelukko metallij\u00e4tteen\u00e4.<\/p>\n","protected":false},"excerpt":{"rendered":"<p>Painelukko on erityisen t\u00e4rke\u00e4 turvaominaisuus, sill\u00e4 se\u00a0est\u00e4\u00e4 k\u00e4ytt\u00e4j\u00e4n avaamasta korkkia s\u00e4ili\u00f6n ollessa paineenalainen.<\/p>\n","protected":false},"featured_media":419,"template":"","meta":{"_acf_changed":false},"product_brand":[],"product_cat":[45],"product_tag":[],"class_list":{"0":"post-643","1":"product","2":"type-product","3":"status-publish","4":"has-post-thumbnail","6":"product_cat-varaosat","7":"product_shipping_class-pieni","9":"first","10":"instock","11":"taxable","12":"shipping-taxable","13":"purchasable","14":"product-type-simple"},"acf":[],"_links":{"self":[{"href":"https:\/\/www.ecoweedkiller.com\/fi\/wp-json\/wp\/v2\/product\/643","targetHints":{"allow":["GET"]}}],"collection":[{"href":"https:\/\/www.ecoweedkiller.com\/fi\/wp-json\/wp\/v2\/product"}],"about":[{"href":"https:\/\/www.ecoweedkiller.com\/fi\/wp-json\/wp\/v2\/types\/product"}],"wp:featuredmedia":[{"embeddable":true,"href":"https:\/\/www.ecoweedkiller.com\/fi\/wp-json\/wp\/v2\/media\/419"}],"wp:attachment":[{"href":"https:\/\/www.ecoweedkiller.com\/fi\/wp-json\/wp\/v2\/media?parent=643"}],"wp:term":[{"taxonomy":"product_brand","embeddable":true,"href":"https:\/\/www.ecoweedkiller.com\/fi\/wp-json\/wp\/v2\/product_brand?post=643"},{"taxonomy":"product_cat","embeddable":true,"href":"https:\/\/www.ecoweedkiller.com\/fi\/wp-json\/wp\/v2\/product_cat?post=643"},{"taxonomy":"product_tag","embeddable":true,"href":"https:\/\/www.ecoweedkiller.com\/fi\/wp-json\/wp\/v2\/product_tag?post=643"}],"curies":[{"name":"wp","href":"https:\/\/api.w.org\/{rel}","templated":true}]}}