{"id":641,"date":"2020-04-16T19:02:12","date_gmt":"2020-04-16T16:02:12","guid":{"rendered":"https:\/\/www.ecoweedkiller.com\/shop\/pyora\/"},"modified":"2020-05-19T10:09:05","modified_gmt":"2020-05-19T07:09:05","slug":"pyora","status":"publish","type":"product","link":"https:\/\/www.ecoweedkiller.com\/fi\/kauppa\/pyora\/","title":{"rendered":"Py\u00f6r\u00e4"},"content":{"rendered":"<p>Py\u00f6r\u00e4 helpottaa Eco Weedkiller kuumavesilaitteen kanssa liikkumista, varsinkin silloin, kun laite on t\u00e4ytetty vedell\u00e4.<\/p>\n<p>Py\u00f6r\u00e4n laakerit voivat kulua pitk\u00e4aikaisessa k\u00e4yt\u00f6ss\u00e4. Osan vaihto vaatii seekeripihdit, jolla saadaan py\u00f6r\u00e4n lukitseva seeker-rengas irroitettua. T\u00e4m\u00e4n j\u00e4lkeen py\u00f6r\u00e4n vaihtaminen on hyvin helppoa. Uusi seeker-rengas kuuluu py\u00f6r\u00e4n hintaan.<\/p>\n<p>Kierr\u00e4t\u00e4 metallinen py\u00f6r\u00e4 ja py\u00f6r\u00e4nkumi metallinkierr\u00e4tyksess\u00e4.<\/p>\n","protected":false},"excerpt":{"rendered":"<p>Py\u00f6r\u00e4 helpottaa Eco Weedkiller kuumavesilaitteen kanssa liikkumista.<\/p>\n","protected":false},"featured_media":418,"template":"","meta":{"_acf_changed":false},"product_brand":[],"product_cat":[45],"product_tag":[],"class_list":{"0":"post-641","1":"product","2":"type-product","3":"status-publish","4":"has-post-thumbnail","6":"product_cat-varaosat","7":"product_shipping_class-medium-fi","9":"first","10":"instock","11":"taxable","12":"shipping-taxable","13":"purchasable","14":"product-type-simple"},"acf":[],"_links":{"self":[{"href":"https:\/\/www.ecoweedkiller.com\/fi\/wp-json\/wp\/v2\/product\/641","targetHints":{"allow":["GET"]}}],"collection":[{"href":"https:\/\/www.ecoweedkiller.com\/fi\/wp-json\/wp\/v2\/product"}],"about":[{"href":"https:\/\/www.ecoweedkiller.com\/fi\/wp-json\/wp\/v2\/types\/product"}],"wp:featuredmedia":[{"embeddable":true,"href":"https:\/\/www.ecoweedkiller.com\/fi\/wp-json\/wp\/v2\/media\/418"}],"wp:attachment":[{"href":"https:\/\/www.ecoweedkiller.com\/fi\/wp-json\/wp\/v2\/media?parent=641"}],"wp:term":[{"taxonomy":"product_brand","embeddable":true,"href":"https:\/\/www.ecoweedkiller.com\/fi\/wp-json\/wp\/v2\/product_brand?post=641"},{"taxonomy":"product_cat","embeddable":true,"href":"https:\/\/www.ecoweedkiller.com\/fi\/wp-json\/wp\/v2\/product_cat?post=641"},{"taxonomy":"product_tag","embeddable":true,"href":"https:\/\/www.ecoweedkiller.com\/fi\/wp-json\/wp\/v2\/product_tag?post=641"}],"curies":[{"name":"wp","href":"https:\/\/api.w.org\/{rel}","templated":true}]}}