{"id":632,"date":"2020-04-16T18:59:06","date_gmt":"2020-04-16T15:59:06","guid":{"rendered":"https:\/\/www.ecoweedkiller.com\/shop\/hl\/"},"modified":"2020-05-19T10:08:52","modified_gmt":"2020-05-19T07:08:52","slug":"kokonainen-kasittelyvarsi","status":"publish","type":"product","link":"https:\/\/www.ecoweedkiller.com\/fi\/kauppa\/kokonainen-kasittelyvarsi\/","title":{"rendered":"Kokonainen k\u00e4sittelyvarsi"},"content":{"rendered":"<p>K\u00e4sittelyvarren avulla 100\u00b0C vesi johdetaan turvallisesti torjuttaviin rikkakasveihin.<\/p>\n<p>K\u00e4sittelyvarren pistoolin tiivisteet kuluvat ajan my\u00f6t\u00e4 ja saattavat alkaa vuotaa. T\u00e4ll\u00f6in vesi tihkuaa hallitsemattomasti laitteesta ulos.<\/p>\n<p>Vaihtaaksesi osan, tarvitset 2 x 22 mm kiintoavaimen, hieman voimaa ja taitoa varsi- ja letkuliittimien avaamiseen.<\/p>\n<p>K\u00e4sittelyvarsi on valmistettu galvanoidusta ter\u00e4ksest\u00e4, ruostumattomasta ter\u00e4ksest\u00e4 ja muovista.<\/p>\n<p>Kierr\u00e4t\u00e4 rikkoutunut varsi metallinkierr\u00e4tyksess\u00e4.<\/p>\n","protected":false},"excerpt":{"rendered":"<p>K\u00e4sittelyvarren avulla 100\u00b0C vesi johdetaan turvallisesti torjuttaviin rikkakasveihin.<\/p>\n","protected":false},"featured_media":416,"template":"","meta":{"_acf_changed":false},"product_brand":[],"product_cat":[45],"product_tag":[],"class_list":{"0":"post-632","1":"product","2":"type-product","3":"status-publish","4":"has-post-thumbnail","6":"product_cat-varaosat","7":"product_shipping_class-medium-fi","9":"first","10":"instock","11":"taxable","12":"shipping-taxable","13":"purchasable","14":"product-type-simple"},"acf":[],"_links":{"self":[{"href":"https:\/\/www.ecoweedkiller.com\/fi\/wp-json\/wp\/v2\/product\/632","targetHints":{"allow":["GET"]}}],"collection":[{"href":"https:\/\/www.ecoweedkiller.com\/fi\/wp-json\/wp\/v2\/product"}],"about":[{"href":"https:\/\/www.ecoweedkiller.com\/fi\/wp-json\/wp\/v2\/types\/product"}],"wp:featuredmedia":[{"embeddable":true,"href":"https:\/\/www.ecoweedkiller.com\/fi\/wp-json\/wp\/v2\/media\/416"}],"wp:attachment":[{"href":"https:\/\/www.ecoweedkiller.com\/fi\/wp-json\/wp\/v2\/media?parent=632"}],"wp:term":[{"taxonomy":"product_brand","embeddable":true,"href":"https:\/\/www.ecoweedkiller.com\/fi\/wp-json\/wp\/v2\/product_brand?post=632"},{"taxonomy":"product_cat","embeddable":true,"href":"https:\/\/www.ecoweedkiller.com\/fi\/wp-json\/wp\/v2\/product_cat?post=632"},{"taxonomy":"product_tag","embeddable":true,"href":"https:\/\/www.ecoweedkiller.com\/fi\/wp-json\/wp\/v2\/product_tag?post=632"}],"curies":[{"name":"wp","href":"https:\/\/api.w.org\/{rel}","templated":true}]}}