{"id":630,"date":"2020-04-16T19:00:38","date_gmt":"2020-04-16T16:00:38","guid":{"rendered":"https:\/\/www.ecoweedkiller.com\/shop\/sdfsdf\/"},"modified":"2020-05-19T10:07:56","modified_gmt":"2020-05-19T07:07:56","slug":"kuparitiiviste","status":"publish","type":"product","link":"https:\/\/www.ecoweedkiller.com\/fi\/kauppa\/kuparitiiviste\/","title":{"rendered":"Kuparitiiviste"},"content":{"rendered":"<p>5 cm pituinen kuparitiiviste tiivist\u00e4\u00e4 l\u00e4mmitysvastuksen.<\/p>\n<p>Vaihdettava aina l\u00e4mmitysvastuksen vaihdon my\u00f6t\u00e4. Vaatii ammattilaisen apua (vastus on s\u00e4hk\u00f6osa).<\/p>\n<p>Kierr\u00e4t\u00e4 kuparitiiviste metallin kierr\u00e4tyksess\u00e4.<\/p>\n","protected":false},"excerpt":{"rendered":"<p>5 cm pituinen kuparitiiviste tiivist\u00e4\u00e4 l\u00e4mmitysvastuksen.<\/p>\n","protected":false},"featured_media":417,"template":"","meta":{"_acf_changed":false},"product_brand":[],"product_cat":[45],"product_tag":[],"class_list":{"0":"post-630","1":"product","2":"type-product","3":"status-publish","4":"has-post-thumbnail","6":"product_cat-varaosat","7":"product_shipping_class-pieni","9":"first","10":"instock","11":"taxable","12":"shipping-taxable","13":"purchasable","14":"product-type-simple"},"acf":[],"_links":{"self":[{"href":"https:\/\/www.ecoweedkiller.com\/fi\/wp-json\/wp\/v2\/product\/630","targetHints":{"allow":["GET"]}}],"collection":[{"href":"https:\/\/www.ecoweedkiller.com\/fi\/wp-json\/wp\/v2\/product"}],"about":[{"href":"https:\/\/www.ecoweedkiller.com\/fi\/wp-json\/wp\/v2\/types\/product"}],"wp:featuredmedia":[{"embeddable":true,"href":"https:\/\/www.ecoweedkiller.com\/fi\/wp-json\/wp\/v2\/media\/417"}],"wp:attachment":[{"href":"https:\/\/www.ecoweedkiller.com\/fi\/wp-json\/wp\/v2\/media?parent=630"}],"wp:term":[{"taxonomy":"product_brand","embeddable":true,"href":"https:\/\/www.ecoweedkiller.com\/fi\/wp-json\/wp\/v2\/product_brand?post=630"},{"taxonomy":"product_cat","embeddable":true,"href":"https:\/\/www.ecoweedkiller.com\/fi\/wp-json\/wp\/v2\/product_cat?post=630"},{"taxonomy":"product_tag","embeddable":true,"href":"https:\/\/www.ecoweedkiller.com\/fi\/wp-json\/wp\/v2\/product_tag?post=630"}],"curies":[{"name":"wp","href":"https:\/\/api.w.org\/{rel}","templated":true}]}}