{"id":629,"date":"2020-04-30T13:02:22","date_gmt":"2020-04-30T10:02:22","guid":{"rendered":"https:\/\/www.ecoweedkiller.com\/shop\/eco-weedkiller-garden-3kw\/"},"modified":"2026-03-24T14:24:44","modified_gmt":"2026-03-24T12:24:44","slug":"eco-weedkiller-garden","status":"publish","type":"product","link":"https:\/\/www.ecoweedkiller.com\/fi\/kauppa\/eco-weedkiller-garden\/","title":{"rendered":"Eco Weedkiller Garden"},"content":{"rendered":"<p>Eco Weedkiller Garden on maailman ensimm\u00e4inen kotitalouksille suunniteltu kuumavesilaite, jossa rikkakasvia torjutaan 100\u00b0C vedell\u00e4 helposti ja turvallisesti. Jos olet kyll\u00e4stynyt k\u00e4sin kitkemiseen tai et halua kuormittaa puutarhaasi myrkyill\u00e4, t\u00e4m\u00e4 laite on sinulle loistava vaihtoehto.<\/p>\n<p>Ulkopistorasiasta l\u00f6ytyv\u00e4 sulakkeen koko vaikuttaa siihen, kuinka tehokasta versiota laitteesta voit k\u00e4ytt\u00e4\u00e4.<\/p>\n<p>Mik\u00e4li talostasi l\u00f6ytyy 16 A:n sulakkeella varustettu ulkopistorasia, voit k\u00e4ytt\u00e4\u00e4 kumpaa tahansa versiota. 3 kW:n version l\u00e4mmitysaika on noin 1-1,5 h, kun vastaavasti 2kW:n versiolla t\u00e4m\u00e4 aika on noin 1,5-2 h. Mik\u00e4li talostasi l\u00f6ytyy vain 10 A:n sulakkeella varustettu ulkopistorasia, on 2 kW:n versio ainoa, jota voit k\u00e4ytt\u00e4\u00e4.<\/p>\n<p><a href=\"https:\/\/www.ecoweedkiller.com\/fi\/tuotteet\/eco-weedkiller-garden\/\">Avaa tuotesivu<\/a><\/p>\n","protected":false},"excerpt":{"rendered":"<p>Eco Weedkiller Garden tuo ammattilaisten k\u00e4ytt\u00e4m\u00e4n kuumavesimenetelm\u00e4n kotipihoille. Suomalainen innovaatio tekee tehokkaasta ja ekologisesta rikkakasvien torjunnasta mahdollisen my\u00f6s kotitalouksille, ja laite onkin ainoa laatuaan kotitalouksien k\u00e4ytt\u00f6\u00f6n suunniteltuna. 100 \u00b0C kuuma vesi tunkeutuu maahan ja tuhoaa rikkakasvin juuret tehokkaasti ilman torjunta-aineita. Py\u00f6rill\u00e4 kulkeva laite on helppo k\u00e4ytt\u00e4\u00e4 ja tekee rikkakasvien torjunnasta yll\u00e4tt\u00e4v\u00e4n vaivatonta ja monen mielest\u00e4 jopa hieman koukuttavaa.<\/p>\n<p>Voit valita kahdesta eri mallista. K\u00e4yt\u00e4nn\u00f6ss\u00e4 ero liittyy kiinteist\u00f6n ulkopistorasian sulakkeen vaatimuksiin sek\u00e4 siihen miss\u00e4 ajassa 25 litraa n. 4-asteista vett\u00e4 l\u00e4mpi\u00e4\u00e4 100-asteiseksi.<\/p>\n","protected":false},"featured_media":5551,"template":"","meta":{"_acf_changed":false},"product_brand":[],"product_cat":[44],"product_tag":[],"class_list":{"0":"post-629","1":"product","2":"type-product","3":"status-publish","4":"has-post-thumbnail","6":"product_cat-laitteet","7":"product_shipping_class-large-fi","9":"first","10":"instock","11":"taxable","12":"shipping-taxable","13":"purchasable","14":"product-type-variable","15":"has-default-attributes"},"acf":[],"_links":{"self":[{"href":"https:\/\/www.ecoweedkiller.com\/fi\/wp-json\/wp\/v2\/product\/629","targetHints":{"allow":["GET"]}}],"collection":[{"href":"https:\/\/www.ecoweedkiller.com\/fi\/wp-json\/wp\/v2\/product"}],"about":[{"href":"https:\/\/www.ecoweedkiller.com\/fi\/wp-json\/wp\/v2\/types\/product"}],"wp:featuredmedia":[{"embeddable":true,"href":"https:\/\/www.ecoweedkiller.com\/fi\/wp-json\/wp\/v2\/media\/5551"}],"wp:attachment":[{"href":"https:\/\/www.ecoweedkiller.com\/fi\/wp-json\/wp\/v2\/media?parent=629"}],"wp:term":[{"taxonomy":"product_brand","embeddable":true,"href":"https:\/\/www.ecoweedkiller.com\/fi\/wp-json\/wp\/v2\/product_brand?post=629"},{"taxonomy":"product_cat","embeddable":true,"href":"https:\/\/www.ecoweedkiller.com\/fi\/wp-json\/wp\/v2\/product_cat?post=629"},{"taxonomy":"product_tag","embeddable":true,"href":"https:\/\/www.ecoweedkiller.com\/fi\/wp-json\/wp\/v2\/product_tag?post=629"}],"curies":[{"name":"wp","href":"https:\/\/api.w.org\/{rel}","templated":true}]}}