{"id":3282,"date":"2023-07-13T12:25:22","date_gmt":"2023-07-13T09:25:22","guid":{"rendered":"https:\/\/www.ecoweedkiller.com\/?post_type=product&#038;p=3282"},"modified":"2025-03-07T17:02:37","modified_gmt":"2025-03-07T15:02:37","slug":"all-terrain-pyorasarja","status":"publish","type":"product","link":"https:\/\/www.ecoweedkiller.com\/fi\/kauppa\/all-terrain-pyorasarja\/","title":{"rendered":"All-Terrain py\u00f6r\u00e4sarja"},"content":{"rendered":"","protected":false},"excerpt":{"rendered":"<p>All-Terrain py\u00f6r\u00e4t helpottavat Eco Weedkiller kuumavesilaitteen kanssa liikkumista, varsinkin pehme\u00e4ss\u00e4 maastossa.<\/p>\n<p>Py\u00f6r\u00e4n laakerit voivat kulua pitk\u00e4aikaisessa k\u00e4yt\u00f6ss\u00e4. Osan vaihto vaatii seekeripihdit, jolla saadaan py\u00f6r\u00e4n lukitseva seeker-rengas irroitettua. T\u00e4m\u00e4n j\u00e4lkeen py\u00f6r\u00e4n vaihtaminen on hyvin helppoa. Uusi seeker-rengas kuuluu py\u00f6r\u00e4n hintaan.<\/p>\n<p>Kierr\u00e4t\u00e4 metallinen py\u00f6r\u00e4 ja py\u00f6r\u00e4nkumi metallinkierr\u00e4tyksess\u00e4.<\/p>\n","protected":false},"featured_media":4461,"template":"","meta":{"_acf_changed":false},"product_brand":[],"product_cat":[45],"product_tag":[],"class_list":{"0":"post-3282","1":"product","2":"type-product","3":"status-publish","4":"has-post-thumbnail","6":"product_cat-varaosat","7":"product_shipping_class-pieni","9":"first","10":"instock","11":"taxable","12":"shipping-taxable","13":"purchasable","14":"product-type-simple"},"acf":[],"_links":{"self":[{"href":"https:\/\/www.ecoweedkiller.com\/fi\/wp-json\/wp\/v2\/product\/3282","targetHints":{"allow":["GET"]}}],"collection":[{"href":"https:\/\/www.ecoweedkiller.com\/fi\/wp-json\/wp\/v2\/product"}],"about":[{"href":"https:\/\/www.ecoweedkiller.com\/fi\/wp-json\/wp\/v2\/types\/product"}],"wp:featuredmedia":[{"embeddable":true,"href":"https:\/\/www.ecoweedkiller.com\/fi\/wp-json\/wp\/v2\/media\/4461"}],"wp:attachment":[{"href":"https:\/\/www.ecoweedkiller.com\/fi\/wp-json\/wp\/v2\/media?parent=3282"}],"wp:term":[{"taxonomy":"product_brand","embeddable":true,"href":"https:\/\/www.ecoweedkiller.com\/fi\/wp-json\/wp\/v2\/product_brand?post=3282"},{"taxonomy":"product_cat","embeddable":true,"href":"https:\/\/www.ecoweedkiller.com\/fi\/wp-json\/wp\/v2\/product_cat?post=3282"},{"taxonomy":"product_tag","embeddable":true,"href":"https:\/\/www.ecoweedkiller.com\/fi\/wp-json\/wp\/v2\/product_tag?post=3282"}],"curies":[{"name":"wp","href":"https:\/\/api.w.org\/{rel}","templated":true}]}}